{"id":38,"date":"2022-06-04T03:29:45","date_gmt":"2022-06-04T03:29:45","guid":{"rendered":"http:\/\/source.wpopal.com\/kitchor\/?page_id=38"},"modified":"2025-12-07T19:40:01","modified_gmt":"2025-12-07T18:40:01","slug":"website-cookies","status":"publish","type":"page","link":"https:\/\/egokuechen.at\/?page_id=38","title":{"rendered":"Website-Cookies"},"content":{"rendered":"\t\t<div data-elementor-type=\"wp-page\" data-elementor-id=\"38\" class=\"elementor elementor-38\">\n\t\t\t\t<div class=\"elementor-element elementor-element-e665868 e-flex e-con-boxed e-con e-parent\" data-id=\"e665868\" data-element_type=\"container\">\n\t\t\t\t\t<div class=\"e-con-inner\">\n\t\t\t\t<div class=\"elementor-element elementor-element-7e371f0 elementor-widget elementor-widget-text-editor\" data-id=\"7e371f0\" data-element_type=\"widget\" data-widget_type=\"text-editor.default\">\n\t\t\t\t\t\t\t\t\t<p data-start=\"292\" data-end=\"310\"><strong data-start=\"292\" data-end=\"310\">Cookie-Hinweis<\/strong><\/p><p data-start=\"312\" data-end=\"589\">Unsere Website verwendet Cookies, um Ihnen die bestm\u00f6gliche Nutzung zu gew\u00e4hrleisten und die Benutzererfahrung zu verbessern. Einige Cookies sind f\u00fcr den Betrieb der Seite unerl\u00e4sslich, w\u00e4hrend andere uns helfen, Ihre Pr\u00e4ferenzen zu verstehen und unsere Website zu optimieren.<\/p><p data-start=\"591\" data-end=\"626\"><strong data-start=\"591\" data-end=\"624\">Welche Cookies verwenden wir?<\/strong><\/p><ul data-start=\"627\" data-end=\"994\"><li data-start=\"627\" data-end=\"753\"><p data-start=\"629\" data-end=\"753\"><strong data-start=\"629\" data-end=\"652\">Essenzielle Cookies<\/strong>: Diese Cookies sind notwendig, damit die Website funktioniert und Sie alle Funktionen nutzen k\u00f6nnen.<\/p><\/li><li data-start=\"754\" data-end=\"893\"><p data-start=\"756\" data-end=\"893\"><strong data-start=\"756\" data-end=\"775\">Analyse-Cookies<\/strong>: Diese Cookies helfen uns, die Nutzung der Website zu analysieren, damit wir die Benutzererfahrung verbessern k\u00f6nnen.<\/p><\/li><li data-start=\"894\" data-end=\"994\"><p data-start=\"896\" data-end=\"994\"><strong data-start=\"896\" data-end=\"917\">Marketing-Cookies<\/strong>: Diese Cookies werden verwendet, um Ihnen personalisierte Werbung zu zeigen.<\/p><\/li><\/ul><p data-start=\"996\" data-end=\"1241\"><strong data-start=\"996\" data-end=\"1015\">Ihre Zustimmung<\/strong><br data-start=\"1015\" data-end=\"1018\" \/>Indem Sie diese Website weiterhin nutzen, stimmen Sie der Verwendung von Cookies gem\u00e4\u00df unserer <a class=\"decorated-link cursor-pointer\" rel=\"noopener\" data-start=\"1113\" data-end=\"1135\">Cookie-Richtlinie<\/a>. Wenn Sie mehr \u00fcber unsere Verwendung von Cookies erfahren m\u00f6chten, lesen Sie bitte unsere <a class=\"decorated-link cursor-pointer\" rel=\"noopener\" data-start=\"1397\" data-end=\"1422\">Datenschutzerkl\u00e4rung<\/a>.<\/p><hr data-start=\"1425\" data-end=\"1428\" \/><p data-start=\"1914\" data-end=\"2080\">\u00a0<\/p>\t\t\t\t\t\t\t\t<\/div>\n\t\t\t\t\t<\/div>\n\t\t\t\t<\/div>\n\t\t\t\t<\/div>\n\t\t","protected":false},"excerpt":{"rendered":"<p>Cookie-Hinweis Unsere Website verwendet Cookies, um Ihnen die bestm\u00f6gliche Nutzung zu gew\u00e4hrleisten und die Benutzererfahrung zu verbessern. Einige Cookies sind f\u00fcr den Betrieb der Seite unerl\u00e4sslich, w\u00e4hrend andere uns helfen, Ihre Pr\u00e4ferenzen zu verstehen und unsere Website zu optimieren. Welche Cookies verwenden wir? Essenzielle Cookies: Diese Cookies sind notwendig, damit die Website funktioniert und Sie [&hellip;]<\/p>\n","protected":false},"author":1,"featured_media":0,"parent":0,"menu_order":0,"comment_status":"closed","ping_status":"closed","template":"template-homepage.php","meta":{"inline_featured_image":false,"footnotes":""},"class_list":["post-38","page","type-page","status-publish","hentry"],"_links":{"self":[{"href":"https:\/\/egokuechen.at\/index.php?rest_route=\/wp\/v2\/pages\/38","targetHints":{"allow":["GET"]}}],"collection":[{"href":"https:\/\/egokuechen.at\/index.php?rest_route=\/wp\/v2\/pages"}],"about":[{"href":"https:\/\/egokuechen.at\/index.php?rest_route=\/wp\/v2\/types\/page"}],"author":[{"embeddable":true,"href":"https:\/\/egokuechen.at\/index.php?rest_route=\/wp\/v2\/users\/1"}],"replies":[{"embeddable":true,"href":"https:\/\/egokuechen.at\/index.php?rest_route=%2Fwp%2Fv2%2Fcomments&post=38"}],"version-history":[{"count":7,"href":"https:\/\/egokuechen.at\/index.php?rest_route=\/wp\/v2\/pages\/38\/revisions"}],"predecessor-version":[{"id":16120,"href":"https:\/\/egokuechen.at\/index.php?rest_route=\/wp\/v2\/pages\/38\/revisions\/16120"}],"wp:attachment":[{"href":"https:\/\/egokuechen.at\/index.php?rest_route=%2Fwp%2Fv2%2Fmedia&parent=38"}],"curies":[{"name":"wp","href":"https:\/\/api.w.org\/{rel}","templated":true}]}}