{"id":34,"date":"2022-06-04T03:28:27","date_gmt":"2022-06-04T03:28:27","guid":{"rendered":"http:\/\/source.wpopal.com\/kitchor\/?page_id=34"},"modified":"2025-12-07T19:28:14","modified_gmt":"2025-12-07T18:28:14","slug":"datenschutzerklaerung-2","status":"publish","type":"page","link":"https:\/\/egokuechen.at\/?page_id=34","title":{"rendered":"Datenschutzerkl\u00e4rung"},"content":{"rendered":"\t\t<div data-elementor-type=\"wp-page\" data-elementor-id=\"34\" class=\"elementor elementor-34\">\n\t\t\t\t<div class=\"elementor-element elementor-element-d6dd44d e-flex e-con-boxed e-con e-parent\" data-id=\"d6dd44d\" data-element_type=\"container\">\n\t\t\t\t\t<div class=\"e-con-inner\">\n\t\t\t\t<div class=\"elementor-element elementor-element-ddff92f elementor-widget elementor-widget-text-editor\" data-id=\"ddff92f\" data-element_type=\"widget\" data-widget_type=\"text-editor.default\">\n\t\t\t\t\t\t\t\t\t<h1 data-start=\"211\" data-end=\"237\"><strong data-start=\"213\" data-end=\"237\">Datenschutzerkl\u00e4rung<\/strong><\/h1>\n<h2 data-start=\"239\" data-end=\"280\">1. <strong data-start=\"245\" data-end=\"280\">Einleitung&nbsp;<\/strong><\/h2>\n<p data-start=\"281\" data-end=\"459\">Der Schutz Ihrer pers\u00f6nlichen Daten ist uns ein besonderes Anliegen.&nbsp;<\/p><p data-start=\"281\" data-end=\"459\">Wir verarbeiten Ihre Daten ausschlie\u00dflich auf Grundlage der gesetzlichen Bestimmungen (DSGVO, DSG, TKG 2021).<\/p>\n<h2 data-start=\"550\" data-end=\"575\">2. <strong data-start=\"556\" data-end=\"575\">Kontaktaufnahme<\/strong><\/h2>\n<p data-start=\"576\" data-end=\"839\">Wenn Sie per Formular auf der Website oder per E-Mail Kontakt mit uns aufnehmen, werden Ihre angegebenen Daten zwecks Bearbeitung der Anfrage und f\u00fcr den Fall von Anschlussfragen <strong data-start=\"755\" data-end=\"767\">6 Monate<\/strong> gespeichert. Diese Daten geben wir nicht ohne Ihre Einwilligung weiter.<\/p>\n<h2 data-start=\"1219\" data-end=\"1236\">3. <strong data-start=\"1225\" data-end=\"1236\">Cookies<\/strong><\/h2>\n<p data-start=\"1237\" data-end=\"1444\">Unsere Website verwendet Cookies, um die Benutzerfreundlichkeit zu verbessern.<br data-start=\"1315\" data-end=\"1318\">Sie k\u00f6nnen Ihren Browser so einstellen, dass er Sie \u00fcber das Setzen von Cookies informiert und dies nur im Einzelfall erlaubt.<\/p>\n<p data-start=\"1446\" data-end=\"1576\">Rechtsgrundlage: <strong data-start=\"1463\" data-end=\"1493\">Art. 6 Abs. 1 lit. f DSGVO<\/strong> (berechtigtes Interesse) oder \u2013 bei Einwilligung \u2013 <strong data-start=\"1545\" data-end=\"1575\">Art. 6 Abs. 1 lit. a DSGVO<\/strong>.<\/p>\n<p data-start=\"2911\" data-end=\"3084\">\n<\/p><h2 data-start=\"3086\" data-end=\"3109\">4. <strong data-start=\"3092\" data-end=\"3109\">Speicherdauer<\/strong><\/h2>\n<p data-start=\"3110\" data-end=\"3253\">Wir speichern personenbezogene Daten nur so lange, wie es f\u00fcr den jeweiligen Zweck erforderlich ist oder wir gesetzlich dazu verpflichtet sind.<\/p>\n<h2 data-start=\"3255\" data-end=\"3276\">5.&nbsp; <strong data-start=\"3262\" data-end=\"3276\">\u00c4nderungen<\/strong><\/h2>\n<p data-start=\"3277\" data-end=\"3445\">Wir behalten uns vor, diese Datenschutzerkl\u00e4rung bei Bedarf zu aktualisieren, um \u00c4nderungen der gesetzlichen Rahmenbedingungen oder unseres Angebots zu ber\u00fccksichtigen.<\/p>\t\t\t\t\t\t\t\t<\/div>\n\t\t\t\t\t<\/div>\n\t\t\t\t<\/div>\n\t\t\t\t<\/div>\n\t\t","protected":false},"excerpt":{"rendered":"<p>Datenschutzerkl\u00e4rung 1. Einleitung&nbsp; Der Schutz Ihrer pers\u00f6nlichen Daten ist uns ein besonderes Anliegen.&nbsp; Wir verarbeiten Ihre Daten ausschlie\u00dflich auf Grundlage der gesetzlichen Bestimmungen (DSGVO, DSG, TKG 2021). 2. Kontaktaufnahme Wenn Sie per Formular auf der Website oder per E-Mail Kontakt mit uns aufnehmen, werden Ihre angegebenen Daten zwecks Bearbeitung der Anfrage und f\u00fcr den Fall [&hellip;]<\/p>\n","protected":false},"author":1,"featured_media":0,"parent":0,"menu_order":0,"comment_status":"closed","ping_status":"closed","template":"template-homepage.php","meta":{"inline_featured_image":false,"footnotes":""},"class_list":["post-34","page","type-page","status-publish","hentry"],"_links":{"self":[{"href":"https:\/\/egokuechen.at\/index.php?rest_route=\/wp\/v2\/pages\/34","targetHints":{"allow":["GET"]}}],"collection":[{"href":"https:\/\/egokuechen.at\/index.php?rest_route=\/wp\/v2\/pages"}],"about":[{"href":"https:\/\/egokuechen.at\/index.php?rest_route=\/wp\/v2\/types\/page"}],"author":[{"embeddable":true,"href":"https:\/\/egokuechen.at\/index.php?rest_route=\/wp\/v2\/users\/1"}],"replies":[{"embeddable":true,"href":"https:\/\/egokuechen.at\/index.php?rest_route=%2Fwp%2Fv2%2Fcomments&post=34"}],"version-history":[{"count":7,"href":"https:\/\/egokuechen.at\/index.php?rest_route=\/wp\/v2\/pages\/34\/revisions"}],"predecessor-version":[{"id":16112,"href":"https:\/\/egokuechen.at\/index.php?rest_route=\/wp\/v2\/pages\/34\/revisions\/16112"}],"wp:attachment":[{"href":"https:\/\/egokuechen.at\/index.php?rest_route=%2Fwp%2Fv2%2Fmedia&parent=34"}],"curies":[{"name":"wp","href":"https:\/\/api.w.org\/{rel}","templated":true}]}}