{"id":32,"date":"2022-06-04T03:28:14","date_gmt":"2022-06-04T03:28:14","guid":{"rendered":"http:\/\/source.wpopal.com\/kitchor\/?page_id=32"},"modified":"2025-12-07T19:55:53","modified_gmt":"2025-12-07T18:55:53","slug":"about-us-01","status":"publish","type":"page","link":"https:\/\/egokuechen.at\/?page_id=32","title":{"rendered":"\u00dcber Uns"},"content":{"rendered":"\t\t<div data-elementor-type=\"wp-page\" data-elementor-id=\"32\" class=\"elementor elementor-32\">\n\t\t\t\t<div class=\"elementor-element elementor-element-059e302 e-flex e-con-boxed e-con e-parent\" data-id=\"059e302\" data-element_type=\"container\">\n\t\t\t\t\t<div class=\"e-con-inner\">\n\t\t\t\t<div class=\"elementor-element elementor-element-ad3b1fc elementor-widget elementor-widget-text-editor\" data-id=\"ad3b1fc\" data-element_type=\"widget\" data-widget_type=\"text-editor.default\">\n\t\t\t\t\t\t\t\t\t<p data-start=\"362\" data-end=\"437\"><span style=\"text-decoration: underline;\"><em><strong data-start=\"362\" data-end=\"437\">26 Jahre Erfahrung in der M\u00f6belbranche \u2013 Ihr Vertrauen ist unser Erfolg.<\/strong><\/em><\/span><\/p><p data-start=\"439\" data-end=\"833\">Mit mehr als 26 Jahren Erfahrung in der M\u00f6belbranche, sowohl als Einkaufsleiter als auch in der Gesch\u00e4ftsf\u00fchrung, bringen wir bei Ego K\u00fcchen umfassendes Know-how und eine starke Marktkenntnis in jedes Projekt ein. Diese langj\u00e4hrige Expertise erm\u00f6glicht es uns, ma\u00dfgeschneiderte K\u00fcchenl\u00f6sungen anzubieten, die nicht nur funktional und \u00e4sthetisch sind, sondern auch wirtschaftlich und nachhaltig.<\/p><p data-start=\"835\" data-end=\"1202\">Unser Gr\u00fcnder und Gesch\u00e4ftsf\u00fchrer hat in seiner Karriere in der M\u00f6belbranche in verschiedenen f\u00fchrenden Positionen aufgebaut und sich in den Bereichen Einkaufsleitung, Lieferantenmanagement, Area Sales Manager, Key Account Manager\u00a0 und Gesch\u00e4ftsf\u00fchrung erfolgreich etabliert. Diese Erfahrungen stellen sicher, dass jede K\u00fcche, die wir planen und umsetzen, den h\u00f6chsten Standards in Qualit\u00e4t, Design und Effizienz entspricht.<\/p><p data-start=\"835\" data-end=\"1202\">\u00a0<\/p><p data-start=\"140\" data-end=\"222\"><span style=\"text-decoration: underline;\"><em><strong data-start=\"140\" data-end=\"222\">Willkommen bei Ego K\u00fcchen \u2013 Ihre Experten f\u00fcr ma\u00dfgeschneiderte K\u00fcchenl\u00f6sungen!<\/strong><\/em><\/span><\/p><p data-start=\"224\" data-end=\"478\">Ego K\u00fcchen steht f\u00fcr Innovation, Qualit\u00e4t und einzigartiges Design. Als f\u00fchrendes Unternehmen im Bereich der K\u00fcchenplanung und -gestaltung bieten wir Ihnen ma\u00dfgeschneiderte L\u00f6sungen, die perfekt auf Ihre Bed\u00fcrfnisse und Ihren Lebensstil abgestimmt sind.<\/p><p data-start=\"480\" data-end=\"814\">Unsere Philosophie basiert auf dem Verst\u00e4ndnis, dass die K\u00fcche mehr ist als nur ein Raum zum Kochen \u2013 sie ist das Herzst\u00fcck Ihres Zuhauses. Deshalb haben wir es uns zur Aufgabe gemacht, K\u00fcchen zu entwerfen, die nicht nur funktional und praktisch sind, sondern auch \u00e4sthetisch beeindrucken und mit modernster Technik ausgestattet sind.<\/p><p data-start=\"816\" data-end=\"839\"><strong data-start=\"816\" data-end=\"837\">Warum Ego K\u00fcchen?<\/strong><\/p><ul data-start=\"840\" data-end=\"1641\"><li data-start=\"840\" data-end=\"1048\"><p data-start=\"842\" data-end=\"1048\"><strong data-start=\"842\" data-end=\"871\">Ma\u00dfgeschneiderte Planung:<\/strong> Wir h\u00f6ren zu und gestalten Ihre K\u00fcche nach Ihren Vorstellungen, Bed\u00fcrfnissen und W\u00fcnschen. Jede K\u00fcche wird individuell geplant, damit sie perfekt zu Ihnen und Ihrem Raum passt.<\/p><\/li><li data-start=\"1049\" data-end=\"1215\"><p data-start=\"1051\" data-end=\"1215\"><strong data-start=\"1051\" data-end=\"1072\">H\u00f6chste Qualit\u00e4t:<\/strong> Wir arbeiten ausschlie\u00dflich mit hochwertigen Materialien und zuverl\u00e4ssigen Partnern, um Ihnen eine langlebige und funktionale K\u00fcche zu bieten.<\/p><\/li><li data-start=\"1216\" data-end=\"1388\"><p data-start=\"1218\" data-end=\"1388\"><strong data-start=\"1218\" data-end=\"1241\">Innovatives Design:<\/strong> Bei uns treffen Tradition und Innovation aufeinander. Wir bieten Ihnen moderne, zeitlose Designs, die Ihre K\u00fcche zu einem echten Highlight machen.<\/p><\/li><li data-start=\"1389\" data-end=\"1641\"><p data-start=\"1391\" data-end=\"1641\"><strong data-start=\"1391\" data-end=\"1415\">Komplette Betreuung:<\/strong> Vom ersten Beratungsgespr\u00e4ch bis hin zur Montage \u2013 wir begleiten Sie durch den gesamten Prozess. Wir als Experten stehen Ihnen jederzeit zur Seite, um sicherzustellen, dass Ihre neue K\u00fcche genau Ihren Vorstellungen entspricht.<\/p><\/li><\/ul><p data-start=\"1643\" data-end=\"1662\"><strong data-start=\"1643\" data-end=\"1660\">Unsere Werte:<\/strong><\/p><ul data-start=\"1663\" data-end=\"2086\"><li data-start=\"1663\" data-end=\"1781\"><p data-start=\"1665\" data-end=\"1781\"><strong data-start=\"1665\" data-end=\"1693\">Vertrauen &amp; Transparenz:<\/strong> Wir legen gro\u00dfen Wert auf offene Kommunikation und eine vertrauensvolle Zusammenarbeit.<\/p><\/li><li data-start=\"1782\" data-end=\"1945\"><p data-start=\"1784\" data-end=\"1945\"><strong data-start=\"1784\" data-end=\"1803\">Nachhaltigkeit:<\/strong> Unsere Produkte und Prozesse ber\u00fccksichtigen nachhaltige Praktiken, damit auch die n\u00e4chste Generation in einer lebenswerten Welt kochen kann.<\/p><\/li><li data-start=\"1946\" data-end=\"2086\"><p data-start=\"1948\" data-end=\"2086\"><strong data-start=\"1948\" data-end=\"1972\">Kundenzufriedenheit:<\/strong> Ihre Zufriedenheit steht bei uns an erster Stelle. Wir nehmen uns Zeit, Ihre W\u00fcnsche zu verstehen und umzusetzen.<\/p><\/li><\/ul><p data-start=\"2088\" data-end=\"2292\">Bei Ego K\u00fcchen finden Sie nicht nur eine K\u00fcche \u2013 Sie finden ein Zuhause f\u00fcr Ihr Kochen, Leben und Genie\u00dfen. Lassen Sie sich von uns inspirieren und entdecken Sie, wie Ihre Traumk\u00fcche Realit\u00e4t werden kann.<\/p><p data-start=\"2088\" data-end=\"2292\">\u00a0<\/p><p data-start=\"797\" data-end=\"840\"><em><span style=\"text-decoration: underline;\"><strong data-start=\"797\" data-end=\"838\">Unsere B2B-Dienstleistungen umfassen:<\/strong><\/span><\/em><\/p><ul data-start=\"841\" data-end=\"1858\"><li data-start=\"841\" data-end=\"998\"><p data-start=\"843\" data-end=\"998\"><strong data-start=\"843\" data-end=\"868\">Individuelle Planung:<\/strong> Wir bieten ma\u00dfgeschneiderte K\u00fcchenl\u00f6sungen f\u00fcr Unternehmen jeder Art und Gr\u00f6\u00dfe \u2013 von der ersten Idee bis zur finalen Umsetzung.<\/p><\/li><li data-start=\"999\" data-end=\"1194\"><p data-start=\"1001\" data-end=\"1194\"><strong data-start=\"1001\" data-end=\"1034\">Effiziente Projektabwicklung:<\/strong> Unser erfahrenes Team \u00fcbernimmt die komplette Planung und Organisation \u2013 vom Entwurf \u00fcber die Materialwahl bis hin zur termingerechten Lieferung und Montage.<\/p><\/li><li data-start=\"1195\" data-end=\"1388\"><p data-start=\"1197\" data-end=\"1388\"><strong data-start=\"1197\" data-end=\"1235\">Hochwertige Materialien &amp; Technik:<\/strong> Unsere K\u00fcchen werden mit erstklassigen Materialien und moderner Technik ausgestattet, die den Anforderungen des gewerblichen Einsatzes gerecht werden.<\/p><\/li><li data-start=\"1389\" data-end=\"1589\"><p data-start=\"1391\" data-end=\"1589\"><strong data-start=\"1391\" data-end=\"1430\">Flexible L\u00f6sungen f\u00fcr Gro\u00dfprojekte:<\/strong> Ob Renovierungen, Neubauten oder Expansionen \u2013 wir bieten Ihnen flexible L\u00f6sungen f\u00fcr gro\u00dfe Projekte, die auf Ihre speziellen Anforderungen abgestimmt sind.<\/p><\/li><li data-start=\"1590\" data-end=\"1858\"><p data-start=\"1592\" data-end=\"1858\"><strong data-start=\"1592\" data-end=\"1625\">Langfristige Partnerschaften:<\/strong> Wir legen gro\u00dfen Wert auf nachhaltige und vertrauensvolle Gesch\u00e4ftsbeziehungen. Egal, ob Sie ein einmaliges Projekt haben oder einen langfristigen Partner suchen \u2013 wir stehen Ihnen mit unserem Wissen und unserer Expertise zur Seite.<\/p><\/li><\/ul><p data-start=\"1860\" data-end=\"1900\"><strong data-start=\"1860\" data-end=\"1898\">Warum Ego K\u00fcchen f\u00fcr Ihr Business?<\/strong><\/p><ul data-start=\"1901\" data-end=\"2457\"><li data-start=\"1901\" data-end=\"2097\"><p data-start=\"1903\" data-end=\"2097\"><strong data-start=\"1903\" data-end=\"1936\">Zuverl\u00e4ssigkeit und Qualit\u00e4t:<\/strong> Mit Ego K\u00fcchen haben Sie einen Partner, auf den Sie sich verlassen k\u00f6nnen. Wir garantieren h\u00f6chste Qualit\u00e4t und p\u00fcnktliche Lieferung \u2013 f\u00fcr Projekte jeder Gr\u00f6\u00dfe.<\/p><\/li><li data-start=\"2098\" data-end=\"2280\"><p data-start=\"2100\" data-end=\"2280\"><strong data-start=\"2100\" data-end=\"2134\">Kundenspezifische Anpassungen:<\/strong> Jede K\u00fcchenl\u00f6sung wird auf die individuellen Bed\u00fcrfnisse Ihres Unternehmens angepasst, um maximale Funktionalit\u00e4t und Effizienz zu gew\u00e4hrleisten.<\/p><\/li><li data-start=\"2281\" data-end=\"2457\"><p data-start=\"2283\" data-end=\"2457\"><strong data-start=\"2283\" data-end=\"2306\">Wirtschaftlichkeit:<\/strong> Wir bieten Ihnen L\u00f6sungen, die nicht nur funktional und sch\u00f6n, sondern auch wirtschaftlich sinnvoll sind, um Ihre langfristigen Ziele zu unterst\u00fctzen.<\/p><\/li><\/ul><p data-start=\"2459\" data-end=\"2737\">Bei Ego K\u00fcchen sind Sie in besten H\u00e4nden. Kontaktieren Sie uns f\u00fcr eine pers\u00f6nliche Beratung und erfahren Sie, wie wir Ihr Projekt gemeinsam zum Erfolg f\u00fchren k\u00f6nnen.<\/p>\t\t\t\t\t\t\t\t<\/div>\n\t\t\t\t\t<\/div>\n\t\t\t\t<\/div>\n\t\t\t\t<\/div>\n\t\t","protected":false},"excerpt":{"rendered":"<p>26 Jahre Erfahrung in der M\u00f6belbranche \u2013 Ihr Vertrauen ist unser Erfolg. Mit mehr als 26 Jahren Erfahrung in der M\u00f6belbranche, sowohl als Einkaufsleiter als auch in der Gesch\u00e4ftsf\u00fchrung, bringen wir bei Ego K\u00fcchen umfassendes Know-how und eine starke Marktkenntnis in jedes Projekt ein. Diese langj\u00e4hrige Expertise erm\u00f6glicht es uns, ma\u00dfgeschneiderte K\u00fcchenl\u00f6sungen anzubieten, die nicht [&hellip;]<\/p>\n","protected":false},"author":1,"featured_media":0,"parent":0,"menu_order":0,"comment_status":"closed","ping_status":"closed","template":"template-homepage.php","meta":{"inline_featured_image":false,"footnotes":""},"class_list":["post-32","page","type-page","status-publish","hentry"],"_links":{"self":[{"href":"https:\/\/egokuechen.at\/index.php?rest_route=\/wp\/v2\/pages\/32","targetHints":{"allow":["GET"]}}],"collection":[{"href":"https:\/\/egokuechen.at\/index.php?rest_route=\/wp\/v2\/pages"}],"about":[{"href":"https:\/\/egokuechen.at\/index.php?rest_route=\/wp\/v2\/types\/page"}],"author":[{"embeddable":true,"href":"https:\/\/egokuechen.at\/index.php?rest_route=\/wp\/v2\/users\/1"}],"replies":[{"embeddable":true,"href":"https:\/\/egokuechen.at\/index.php?rest_route=%2Fwp%2Fv2%2Fcomments&post=32"}],"version-history":[{"count":13,"href":"https:\/\/egokuechen.at\/index.php?rest_route=\/wp\/v2\/pages\/32\/revisions"}],"predecessor-version":[{"id":16124,"href":"https:\/\/egokuechen.at\/index.php?rest_route=\/wp\/v2\/pages\/32\/revisions\/16124"}],"wp:attachment":[{"href":"https:\/\/egokuechen.at\/index.php?rest_route=%2Fwp%2Fv2%2Fmedia&parent=32"}],"curies":[{"name":"wp","href":"https:\/\/api.w.org\/{rel}","templated":true}]}}