{"id":2034,"date":"2022-06-10T09:18:16","date_gmt":"2022-06-10T09:18:16","guid":{"rendered":"http:\/\/source.wpopal.com\/kitchor\/?page_id=2034"},"modified":"2025-12-07T20:18:31","modified_gmt":"2025-12-07T19:18:31","slug":"dienstleistungen","status":"publish","type":"page","link":"https:\/\/egokuechen.at\/?page_id=2034","title":{"rendered":"Dienstleistungen"},"content":{"rendered":"\t\t<div data-elementor-type=\"wp-page\" data-elementor-id=\"2034\" class=\"elementor elementor-2034\">\n\t\t\t\t\t\t<div class=\"elementor-section elementor-top-section elementor-element elementor-element-77f57bc elementor-section-stretched elementor-section-boxed elementor-section-height-default elementor-section-height-default\" data-id=\"77f57bc\" data-element_type=\"section\" data-settings=\"{&quot;stretch_section&quot;:&quot;section-stretched&quot;}\">\n\t\t\t\t\t\t<div class=\"elementor-container elementor-column-gap-no\">\n\t\t\t\t\t<div class=\"elementor-column elementor-col-100 elementor-top-column elementor-element elementor-element-c52ba8a\" data-id=\"c52ba8a\" data-element_type=\"column\">\n\t\t\t<div class=\"elementor-widget-wrap elementor-element-populated\">\n\t\t\t\t\t\t<div class=\"elementor-element elementor-element-68e3ebf elementor-widget elementor-widget-heading\" data-id=\"68e3ebf\" data-element_type=\"widget\" data-widget_type=\"heading.default\">\n\t\t\t\t\t<div class=\"elementor-heading-title elementor-size-default\">EGO K\u00fcchen<\/div>\t\t\t\t<\/div>\n\t\t\t\t<div class=\"elementor-element elementor-element-5b75e69 elementor-widget__width-initial elementor-widget-laptop__width-inherit elementor-widget elementor-widget-heading\" data-id=\"5b75e69\" data-element_type=\"widget\" data-widget_type=\"heading.default\">\n\t\t\t\t\t<h2 class=\"elementor-heading-title elementor-size-default\">Unsere Dienstleistungen:<\/h2>\t\t\t\t<\/div>\n\t\t\t\t<div class=\"elementor-element elementor-element-dd81c2f arrow-style-1 elementor-widget elementor-widget-kitchor-service\" data-id=\"dd81c2f\" data-element_type=\"widget\" data-widget_type=\"kitchor-service.default\">\n\t\t\t\t<div class=\"elementor-widget-container\">\n\t\t\t\t\t        <div class=\"elementor-servicer-wrapper\">\n            <div class=\"row\" data-elementor-columns-widescreen=\"2\" data-elementor-columns=\"2\" data-elementor-columns-laptop=\"2\" data-elementor-columns-tablet-extra=\"2\" data-elementor-columns-tablet=\"2\" data-elementor-columns-mobile-extra=\"2\" data-elementor-columns-mobile=\"1\">\n                <div class=\"column-item\">\n    <article class=\"service service-style-1 post-1973 kitchor_service type-kitchor_service status-publish has-post-thumbnail hentry\">\n        <div class=\"item-inner\">\n            <div class=\"service-inner\">\n                <div class=\"service-post-thumbnail\">\n                                            <img fetchpriority=\"high\" decoding=\"async\" width=\"800\" height=\"526\" src=\"https:\/\/egokuechen.at\/wp-content\/uploads\/2022\/06\/service-01.jpg\" class=\"attachment-kitchor-service-grid size-kitchor-service-grid wp-post-image\" alt=\"\" srcset=\"https:\/\/egokuechen.at\/wp-content\/uploads\/2022\/06\/service-01.jpg 800w, https:\/\/egokuechen.at\/wp-content\/uploads\/2022\/06\/service-01-300x197.jpg 300w, https:\/\/egokuechen.at\/wp-content\/uploads\/2022\/06\/service-01-768x505.jpg 768w, https:\/\/egokuechen.at\/wp-content\/uploads\/2022\/06\/service-01-600x395.jpg 600w\" sizes=\"(max-width: 800px) 100vw, 800px\" \/>                                    <\/div><!-- .post-thumbnail -->\n\n                <div class=\"service-content-wrap\">\n                    <div class=\"service-content-icon\">\n                        <div class=\"service-content-icon-inner\">\n                                                    <\/div>\n                    <\/div>\n                    <div class=\"service-content-content\">\n                        <h2 class=\"entry-title\"><a href=\"https:\/\/egokuechen.at\/?kitchor_service=smart-care\">Beratung<\/a><\/h2>\n                        <div class=\"service-excerpt\"><p>Ihre Traumk\u00fcche beginnt hier \u2013 Wir beraten Sie individuell!<\/p>\n<p>Die K\u00fcche ist mehr als nur ein Raum \u2013 sie ist das Herzst\u00fcck Ihres Zuhauses. Ob f\u00fcr kulinarische Meisterwerke, gem\u00fctliche Familienabende oder als Ort des kreativen Austauschs, Ihre K\u00fcche sollte funktional, stilvoll und perfekt auf Ihre Bed\u00fcrfnisse abgestimmt sein.<\/p>\n<\/div>\n                    <\/div>\n                <\/div>\n            <\/div>\n        <\/div>\n    <\/article>\n<\/div>\n\n<div class=\"column-item\">\n    <article class=\"service service-style-1 post-1971 kitchor_service type-kitchor_service status-publish has-post-thumbnail hentry\">\n        <div class=\"item-inner\">\n            <div class=\"service-inner\">\n                <div class=\"service-post-thumbnail\">\n                                            <img decoding=\"async\" width=\"800\" height=\"526\" src=\"https:\/\/egokuechen.at\/wp-content\/uploads\/2022\/06\/service-02.jpg\" class=\"attachment-kitchor-service-grid size-kitchor-service-grid wp-post-image\" alt=\"\" srcset=\"https:\/\/egokuechen.at\/wp-content\/uploads\/2022\/06\/service-02.jpg 800w, https:\/\/egokuechen.at\/wp-content\/uploads\/2022\/06\/service-02-300x197.jpg 300w, https:\/\/egokuechen.at\/wp-content\/uploads\/2022\/06\/service-02-768x505.jpg 768w, https:\/\/egokuechen.at\/wp-content\/uploads\/2022\/06\/service-02-600x395.jpg 600w\" sizes=\"(max-width: 800px) 100vw, 800px\" \/>                                    <\/div><!-- .post-thumbnail -->\n\n                <div class=\"service-content-wrap\">\n                    <div class=\"service-content-icon\">\n                        <div class=\"service-content-icon-inner\">\n                                                    <\/div>\n                    <\/div>\n                    <div class=\"service-content-content\">\n                        <h2 class=\"entry-title\"><a href=\"https:\/\/egokuechen.at\/?kitchor_service=kitchen-planner\">3D Planung<\/a><\/h2>\n                        <div class=\"service-excerpt\"><p>3D-K\u00fcchenplanung \u2013 Visualisieren Sie Ihre Traumk\u00fcche<\/p>\n<p>Die Entscheidung f\u00fcr eine neue K\u00fcche ist aufregend, aber auch eine gro\u00dfe Herausforderung. Um Ihnen die Planung zu erleichtern und Ihnen eine klare Vorstellung von Ihrer zuk\u00fcnftigen K\u00fcche zu geben, bieten wir Ihnen die M\u00f6glichkeit, Ihre K\u00fcche in einem realistischen 3D-Plan zu visualisieren.<\/p>\n<\/div>\n                    <\/div>\n                <\/div>\n            <\/div>\n        <\/div>\n    <\/article>\n<\/div>\n\n<div class=\"column-item\">\n    <article class=\"service service-style-1 post-1969 kitchor_service type-kitchor_service status-publish has-post-thumbnail hentry\">\n        <div class=\"item-inner\">\n            <div class=\"service-inner\">\n                <div class=\"service-post-thumbnail\">\n                                            <img decoding=\"async\" width=\"800\" height=\"526\" src=\"https:\/\/egokuechen.at\/wp-content\/uploads\/2022\/06\/service-04.jpg\" class=\"attachment-kitchor-service-grid size-kitchor-service-grid wp-post-image\" alt=\"\" srcset=\"https:\/\/egokuechen.at\/wp-content\/uploads\/2022\/06\/service-04.jpg 800w, https:\/\/egokuechen.at\/wp-content\/uploads\/2022\/06\/service-04-300x197.jpg 300w, https:\/\/egokuechen.at\/wp-content\/uploads\/2022\/06\/service-04-768x505.jpg 768w, https:\/\/egokuechen.at\/wp-content\/uploads\/2022\/06\/service-04-600x395.jpg 600w\" sizes=\"(max-width: 800px) 100vw, 800px\" \/>                                    <\/div><!-- .post-thumbnail -->\n\n                <div class=\"service-content-wrap\">\n                    <div class=\"service-content-icon\">\n                        <div class=\"service-content-icon-inner\">\n                                                    <\/div>\n                    <\/div>\n                    <div class=\"service-content-content\">\n                        <h2 class=\"entry-title\"><a href=\"https:\/\/egokuechen.at\/?kitchor_service=home-check\">Ausmessservice<\/a><\/h2>\n                        <div class=\"service-excerpt\"><p>Pr\u00e4ziser Ausmessservice \u2013 Die Basis f\u00fcr Ihre perfekte K\u00fcche<\/p>\n<p>Die Grundlage f\u00fcr eine perfekt sitzende, funktionale K\u00fcche ist eine pr\u00e4zise Raumplanung. Unser Ausmessservice sorgt daf\u00fcr, dass Ihre neue K\u00fcche exakt in den vorhandenen Raum passt. Mit h\u00f6chster Genauigkeit und Fachwissen messen wir Ihre R\u00e4umlichkeiten aus, damit Ihre Traumk\u00fcche perfekt umgesetzt werden kann.<\/p>\n<\/div>\n                    <\/div>\n                <\/div>\n            <\/div>\n        <\/div>\n    <\/article>\n<\/div>\n\n<div class=\"column-item\">\n    <article class=\"service service-style-1 post-1047 kitchor_service type-kitchor_service status-publish has-post-thumbnail hentry\">\n        <div class=\"item-inner\">\n            <div class=\"service-inner\">\n                <div class=\"service-post-thumbnail\">\n                                            <img loading=\"lazy\" decoding=\"async\" width=\"800\" height=\"526\" src=\"https:\/\/egokuechen.at\/wp-content\/uploads\/2022\/06\/service-03.jpg\" class=\"attachment-kitchor-service-grid size-kitchor-service-grid wp-post-image\" alt=\"\" srcset=\"https:\/\/egokuechen.at\/wp-content\/uploads\/2022\/06\/service-03.jpg 800w, https:\/\/egokuechen.at\/wp-content\/uploads\/2022\/06\/service-03-300x197.jpg 300w, https:\/\/egokuechen.at\/wp-content\/uploads\/2022\/06\/service-03-768x505.jpg 768w, https:\/\/egokuechen.at\/wp-content\/uploads\/2022\/06\/service-03-600x395.jpg 600w\" sizes=\"(max-width: 800px) 100vw, 800px\" \/>                                    <\/div><!-- .post-thumbnail -->\n\n                <div class=\"service-content-wrap\">\n                    <div class=\"service-content-icon\">\n                        <div class=\"service-content-icon-inner\">\n                                                    <\/div>\n                    <\/div>\n                    <div class=\"service-content-content\">\n                        <h2 class=\"entry-title\"><a href=\"https:\/\/egokuechen.at\/?kitchor_service=kitchen-design\">Zustellung &#038; Montage<\/a><\/h2>\n                        <div class=\"service-excerpt\"><p>Zustellung und Montage \u2013 Ihr Rundum-Service f\u00fcr eine stressfreie K\u00fcchenplanung<\/p>\n<p>Der Weg zu Ihrer neuen K\u00fcche endet nicht nur mit der Auswahl und Planung \u2013 wir sorgen daf\u00fcr, dass Sie auch die Lieferung und Montage Ihrer K\u00fcche ohne Stress und \u00c4rger genie\u00dfen k\u00f6nnen. Unser Zustellungs- und Montageservice garantiert, dass Ihre Traumk\u00fcche sicher und professionell bei Ihnen zu Hause ankommt und fachgerecht eingebaut wird.<\/p>\n<p>Alte K\u00fcche Demontage und Entsorgung \u2013 Wir k\u00fcmmern uns darum!<\/p>\n<p>Die Renovierung oder der Umbau Ihrer K\u00fcche beginnt nicht nur mit der Auswahl der neuen M\u00f6bel und Ger\u00e4te \u2013 auch die Entfernung der alten K\u00fcche muss sorgf\u00e4ltig geplant werden. Mit unserem Demontage- und Entsorgungsservice nehmen wir Ihnen diese Arbeit ab, damit Sie sich entspannt auf die Gestaltung Ihrer neuen Traumk\u00fcche konzentrieren k\u00f6nnen.<\/p>\n<\/div>\n                    <\/div>\n                <\/div>\n            <\/div>\n        <\/div>\n    <\/article>\n<\/div>\n\n            <\/div>\n        <\/div>\n        \t\t\t\t<\/div>\n\t\t\t\t<\/div>\n\t\t\t\t\t<\/div>\n\t\t<\/div>\n\t\t\t\t\t<\/div>\n\t\t<\/div>\n\t\t\t\t<\/div>\n\t\t","protected":false},"excerpt":{"rendered":"<p>EGO K\u00fcchen Unsere Dienstleistungen: Beratung Ihre Traumk\u00fcche beginnt hier \u2013 Wir beraten Sie individuell! Die K\u00fcche ist mehr als nur ein Raum \u2013 sie ist das Herzst\u00fcck Ihres Zuhauses. Ob f\u00fcr kulinarische Meisterwerke, gem\u00fctliche Familienabende oder als Ort des kreativen Austauschs, Ihre K\u00fcche sollte funktional, stilvoll und perfekt auf Ihre Bed\u00fcrfnisse abgestimmt sein. 3D Planung [&hellip;]<\/p>\n","protected":false},"author":1,"featured_media":0,"parent":0,"menu_order":0,"comment_status":"closed","ping_status":"closed","template":"","meta":{"inline_featured_image":false,"footnotes":""},"class_list":["post-2034","page","type-page","status-publish","hentry"],"_links":{"self":[{"href":"https:\/\/egokuechen.at\/index.php?rest_route=\/wp\/v2\/pages\/2034","targetHints":{"allow":["GET"]}}],"collection":[{"href":"https:\/\/egokuechen.at\/index.php?rest_route=\/wp\/v2\/pages"}],"about":[{"href":"https:\/\/egokuechen.at\/index.php?rest_route=\/wp\/v2\/types\/page"}],"author":[{"embeddable":true,"href":"https:\/\/egokuechen.at\/index.php?rest_route=\/wp\/v2\/users\/1"}],"replies":[{"embeddable":true,"href":"https:\/\/egokuechen.at\/index.php?rest_route=%2Fwp%2Fv2%2Fcomments&post=2034"}],"version-history":[{"count":7,"href":"https:\/\/egokuechen.at\/index.php?rest_route=\/wp\/v2\/pages\/2034\/revisions"}],"predecessor-version":[{"id":16143,"href":"https:\/\/egokuechen.at\/index.php?rest_route=\/wp\/v2\/pages\/2034\/revisions\/16143"}],"wp:attachment":[{"href":"https:\/\/egokuechen.at\/index.php?rest_route=%2Fwp%2Fv2%2Fmedia&parent=2034"}],"curies":[{"name":"wp","href":"https:\/\/api.w.org\/{rel}","templated":true}]}}